{"id":68,"date":"2015-10-02T18:02:00","date_gmt":"2015-10-02T16:02:00","guid":{"rendered":"http:\/\/0449905523.mwebhost.eu\/wordpress\/?page_id=68"},"modified":"2018-05-25T14:11:27","modified_gmt":"2018-05-25T12:11:27","slug":"impressum","status":"publish","type":"page","link":"https:\/\/c-bau.de\/?page_id=68","title":{"rendered":"Impressum"},"content":{"rendered":"<p><strong>Impressum<\/strong><\/p>\n<p>Franz Christoph<br \/>\nSpitzbergstr. 6<br \/>\n94032 Passau<\/p>\n<p>Tel: 0851-37934584<br \/>\nmobil: 0160-97066561<br \/>\nEmail: info@c-bau.de<br \/>\nwww.c-bau.de<\/p>\n<p>USt-ID: DE128036040<\/p>\n<p>Alle Inhalte sind urheberrechtlich gesch\u00fctzt.<br \/>\nF\u00fcr Inhalte externer Links wird keine Haftung \u00fcbernommen.<\/p>\n<p>Die DSGVO wird eingehalten. Es werden keine Daten gespeichert oder an Dritte weitergegeben.<\/p>\n","protected":false},"excerpt":{"rendered":"<p>Impressum Franz Christoph Spitzbergstr. 6 94032 Passau Tel: 0851-37934584 mobil: 0160-97066561 Email: info@c-bau.de www.c-bau.de USt-ID: DE128036040 Alle Inhalte sind urheberrechtlich gesch\u00fctzt. F\u00fcr Inhalte externer Links wird keine Haftung \u00fcbernommen. Die DSGVO wird eingehalten. Es werden keine Daten gespeichert oder an Dritte weitergegeben.<\/p>\n","protected":false},"author":1,"featured_media":0,"parent":20,"menu_order":0,"comment_status":"closed","ping_status":"closed","template":"","meta":[],"_links":{"self":[{"href":"https:\/\/c-bau.de\/index.php?rest_route=\/wp\/v2\/pages\/68"}],"collection":[{"href":"https:\/\/c-bau.de\/index.php?rest_route=\/wp\/v2\/pages"}],"about":[{"href":"https:\/\/c-bau.de\/index.php?rest_route=\/wp\/v2\/types\/page"}],"author":[{"embeddable":true,"href":"https:\/\/c-bau.de\/index.php?rest_route=\/wp\/v2\/users\/1"}],"replies":[{"embeddable":true,"href":"https:\/\/c-bau.de\/index.php?rest_route=%2Fwp%2Fv2%2Fcomments&post=68"}],"version-history":[{"count":11,"href":"https:\/\/c-bau.de\/index.php?rest_route=\/wp\/v2\/pages\/68\/revisions"}],"predecessor-version":[{"id":292,"href":"https:\/\/c-bau.de\/index.php?rest_route=\/wp\/v2\/pages\/68\/revisions\/292"}],"up":[{"embeddable":true,"href":"https:\/\/c-bau.de\/index.php?rest_route=\/wp\/v2\/pages\/20"}],"wp:attachment":[{"href":"https:\/\/c-bau.de\/index.php?rest_route=%2Fwp%2Fv2%2Fmedia&parent=68"}],"curies":[{"name":"wp","href":"https:\/\/api.w.org\/{rel}","templated":true}]}}