{"id":236,"date":"2017-02-07T15:41:22","date_gmt":"2017-02-07T14:41:22","guid":{"rendered":"http:\/\/0449905523.mwebhost.eu\/?page_id=236"},"modified":"2017-02-09T13:50:49","modified_gmt":"2017-02-09T12:50:49","slug":"3d-plaene","status":"publish","type":"page","link":"https:\/\/c-bau.de\/?page_id=236","title":{"rendered":"3D Ansicht BA1"},"content":{"rendered":"<p><a href=\"http:\/\/0449905523.mwebhost.eu\/wordpress\/wp-content\/uploads\/2017\/02\/3D-BA1.jpg\" target=\"_blank\"><img decoding=\"async\" loading=\"lazy\" class=\"alignnone wp-image-283 size-large\" src=\"http:\/\/0449905523.mwebhost.eu\/wordpress\/wp-content\/uploads\/2017\/02\/3D-BA1-1024x619.jpg\" width=\"660\" height=\"399\" srcset=\"https:\/\/c-bau.de\/wordpress\/wp-content\/uploads\/2017\/02\/3D-BA1-1024x619.jpg 1024w, https:\/\/c-bau.de\/wordpress\/wp-content\/uploads\/2017\/02\/3D-BA1-300x181.jpg 300w, https:\/\/c-bau.de\/wordpress\/wp-content\/uploads\/2017\/02\/3D-BA1-768x464.jpg 768w\" sizes=\"(max-width: 660px) 100vw, 660px\" \/><\/a>Optimale Nutzung f\u00fcr Fachmarkt, Drive-In, Fitness-Studio, B\u00fcro, Praxis, \u00dcbernachtung und Pflege-Einrichtung.<\/p>\n","protected":false},"excerpt":{"rendered":"<p>Optimale Nutzung f\u00fcr Fachmarkt, Drive-In, Fitness-Studio, B\u00fcro, Praxis, \u00dcbernachtung und Pflege-Einrichtung.<\/p>\n","protected":false},"author":1,"featured_media":0,"parent":0,"menu_order":0,"comment_status":"closed","ping_status":"closed","template":"","meta":[],"_links":{"self":[{"href":"https:\/\/c-bau.de\/index.php?rest_route=\/wp\/v2\/pages\/236"}],"collection":[{"href":"https:\/\/c-bau.de\/index.php?rest_route=\/wp\/v2\/pages"}],"about":[{"href":"https:\/\/c-bau.de\/index.php?rest_route=\/wp\/v2\/types\/page"}],"author":[{"embeddable":true,"href":"https:\/\/c-bau.de\/index.php?rest_route=\/wp\/v2\/users\/1"}],"replies":[{"embeddable":true,"href":"https:\/\/c-bau.de\/index.php?rest_route=%2Fwp%2Fv2%2Fcomments&post=236"}],"version-history":[{"count":9,"href":"https:\/\/c-bau.de\/index.php?rest_route=\/wp\/v2\/pages\/236\/revisions"}],"predecessor-version":[{"id":284,"href":"https:\/\/c-bau.de\/index.php?rest_route=\/wp\/v2\/pages\/236\/revisions\/284"}],"wp:attachment":[{"href":"https:\/\/c-bau.de\/index.php?rest_route=%2Fwp%2Fv2%2Fmedia&parent=236"}],"curies":[{"name":"wp","href":"https:\/\/api.w.org\/{rel}","templated":true}]}}